{"id":2034,"date":"2022-11-24T14:06:38","date_gmt":"2022-11-24T13:06:38","guid":{"rendered":"https:\/\/lepontdacigne.com\/lequipe\/"},"modified":"2023-10-09T14:29:56","modified_gmt":"2023-10-09T12:29:56","slug":"our-team","status":"publish","type":"page","link":"https:\/\/lepontdacigne.com\/en\/our-team-thorigne-fouillard\/","title":{"rendered":"Our team"},"content":{"rendered":"","protected":false},"excerpt":{"rendered":"","protected":false},"author":1,"featured_media":0,"parent":0,"menu_order":6,"comment_status":"closed","ping_status":"closed","template":"","meta":{"_seopress_robots_primary_cat":"","_seopress_titles_title":"~  Our Team | Restaurant Thorign\u00e9-Fouillard | Le Pont d&#039;Acign\u00e9","_seopress_titles_desc":"Official Website  Best Rates in Direct: Discover our gastronomic restaurant near Thorign\u00e9-Fouillard and its passionate team. Book on our website.\r\n","_seopress_robots_index":"","inline_featured_image":false,"footnotes":""},"class_list":["post-2034","page","type-page","status-publish","hentry"],"acf":[],"_links":{"self":[{"href":"https:\/\/lepontdacigne.com\/en\/wp-json\/wp\/v2\/pages\/2034","targetHints":{"allow":["GET"]}}],"collection":[{"href":"https:\/\/lepontdacigne.com\/en\/wp-json\/wp\/v2\/pages"}],"about":[{"href":"https:\/\/lepontdacigne.com\/en\/wp-json\/wp\/v2\/types\/page"}],"author":[{"embeddable":true,"href":"https:\/\/lepontdacigne.com\/en\/wp-json\/wp\/v2\/users\/1"}],"replies":[{"embeddable":true,"href":"https:\/\/lepontdacigne.com\/en\/wp-json\/wp\/v2\/comments?post=2034"}],"version-history":[{"count":6,"href":"https:\/\/lepontdacigne.com\/en\/wp-json\/wp\/v2\/pages\/2034\/revisions"}],"predecessor-version":[{"id":2147,"href":"https:\/\/lepontdacigne.com\/en\/wp-json\/wp\/v2\/pages\/2034\/revisions\/2147"}],"wp:attachment":[{"href":"https:\/\/lepontdacigne.com\/en\/wp-json\/wp\/v2\/media?parent=2034"}],"curies":[{"name":"wp","href":"https:\/\/api.w.org\/{rel}","templated":true}]}}